{"id":1458,"date":"2023-07-26T11:40:58","date_gmt":"2023-07-26T10:40:58","guid":{"rendered":"https:\/\/javiprincep.com\/actor\/"},"modified":"2023-11-02T09:33:16","modified_gmt":"2023-11-02T09:33:16","slug":"actor","status":"publish","type":"page","link":"https:\/\/javiprincep.com\/ca\/actor\/","title":{"rendered":"Actor"},"content":{"rendered":"\t\t<div data-elementor-type=\"wp-page\" data-elementor-id=\"1458\" class=\"elementor elementor-1458 elementor-91\">\n\t\t\t\t\t\t\t\t\t<section class=\"elementor-section elementor-top-section elementor-element elementor-element-170f8ed elementor-section-full_width elementor-section-height-default elementor-section-height-default\" data-id=\"170f8ed\" data-element_type=\"section\">\n\t\t\t\t\t\t<div class=\"elementor-container elementor-column-gap-default\">\n\t\t\t\t\t<div class=\"elementor-column elementor-col-100 elementor-top-column elementor-element elementor-element-8ba7bf8\" data-id=\"8ba7bf8\" data-element_type=\"column\" data-settings=\"{&quot;background_background&quot;:&quot;slideshow&quot;,&quot;background_slideshow_gallery&quot;:[{&quot;id&quot;:752,&quot;url&quot;:&quot;https:\\\/\\\/javiprincep.com\\\/wp-content\\\/uploads\\\/2023\\\/07\\\/Frame-19-scaled.jpg&quot;}],&quot;background_slideshow_slide_duration&quot;:5000,&quot;background_slideshow_slide_transition&quot;:&quot;fade&quot;,&quot;background_slideshow_transition_duration&quot;:500}\">\n\t\t\t<div class=\"elementor-widget-wrap elementor-element-populated\">\n\t\t\t\t\t\t\t\t<div class=\"elementor-element elementor-element-bafe2f1 elementor-widget__width-initial elementor-widget-mobile__width-initial elementor-widget elementor-widget-text-editor\" data-id=\"bafe2f1\" data-element_type=\"widget\" data-widget_type=\"text-editor.default\">\n\t\t\t\t<div class=\"elementor-widget-container\">\n\t\t\t<style>\/*! elementor - v3.15.0 - 20-08-2023 *\/\n.elementor-widget-text-editor.elementor-drop-cap-view-stacked .elementor-drop-cap{background-color:#69727d;color:#fff}.elementor-widget-text-editor.elementor-drop-cap-view-framed .elementor-drop-cap{color:#69727d;border:3px solid;background-color:transparent}.elementor-widget-text-editor:not(.elementor-drop-cap-view-default) .elementor-drop-cap{margin-top:8px}.elementor-widget-text-editor:not(.elementor-drop-cap-view-default) .elementor-drop-cap-letter{width:1em;height:1em}.elementor-widget-text-editor .elementor-drop-cap{float:left;text-align:center;line-height:1;font-size:50px}.elementor-widget-text-editor .elementor-drop-cap-letter{display:inline-block}<\/style>\t\t\t\t<h4 style=\"color: #1f1f1f;\">Javi Princep \u00e9s un actor graduat en T\u00e8cnica Meisner que compagina participacions tant en l&#8217;\u00e0mbit teatral com audiovisual. <\/h4>\n<p>Agent <a href=\"https:\/\/lafarandulactores.com\/\">lafarandulactores.com<\/a><\/p>\n\t\t\t\t\t\t<\/div>\n\t\t\t\t<\/div>\n\t\t\t\t\t<\/div>\n\t\t<\/div>\n\t\t\t\t\t\t\t<\/div>\n\t\t<\/section>\n\t\t\t\t<section class=\"elementor-section elementor-top-section elementor-element elementor-element-6a7c7ae elementor-section-full_width elementor-section-height-min-height elementor-section-height-default elementor-section-items-middle\" data-id=\"6a7c7ae\" data-element_type=\"section\">\n\t\t\t\t\t\t<div class=\"elementor-container elementor-column-gap-no\">\n\t\t\t\t\t<div class=\"elementor-column elementor-col-50 elementor-top-column elementor-element elementor-element-42cd93ac\" data-id=\"42cd93ac\" data-element_type=\"column\" data-settings=\"{&quot;background_background&quot;:&quot;classic&quot;}\">\n\t\t\t<div class=\"elementor-widget-wrap elementor-element-populated\">\n\t\t\t\t\t\t\t\t<div class=\"elementor-element elementor-element-d82f9cb elementor-widget elementor-widget-video\" data-id=\"d82f9cb\" data-element_type=\"widget\" data-settings=\"{&quot;video_type&quot;:&quot;vimeo&quot;}\" data-widget_type=\"video.default\">\n\t\t\t\t<div class=\"elementor-widget-container\">\n\t\t\t<style>\/*! elementor - v3.15.0 - 20-08-2023 *\/\n.elementor-widget-video .elementor-widget-container{overflow:hidden;transform:translateZ(0)}.elementor-widget-video .elementor-wrapper{aspect-ratio:var(--video-aspect-ratio)}.elementor-widget-video .elementor-wrapper iframe,.elementor-widget-video .elementor-wrapper video{height:100%;width:100%;display:flex;border:none;background-color:#000}@supports not (aspect-ratio:1\/1){.elementor-widget-video .elementor-wrapper{position:relative;overflow:hidden;height:0;padding-bottom:calc(100% \/ var(--video-aspect-ratio))}.elementor-widget-video .elementor-wrapper iframe,.elementor-widget-video .elementor-wrapper video{position:absolute;top:0;right:0;bottom:0;left:0}}.elementor-widget-video .elementor-open-inline .elementor-custom-embed-image-overlay{position:absolute;top:0;right:0;bottom:0;left:0;background-size:cover;background-position:50%}.elementor-widget-video .elementor-custom-embed-image-overlay{cursor:pointer;text-align:center}.elementor-widget-video .elementor-custom-embed-image-overlay:hover .elementor-custom-embed-play i{opacity:1}.elementor-widget-video .elementor-custom-embed-image-overlay img{display:block;width:100%;aspect-ratio:var(--video-aspect-ratio);-o-object-fit:cover;object-fit:cover;-o-object-position:center center;object-position:center center}@supports not (aspect-ratio:1\/1){.elementor-widget-video .elementor-custom-embed-image-overlay{position:relative;overflow:hidden;height:0;padding-bottom:calc(100% \/ var(--video-aspect-ratio))}.elementor-widget-video .elementor-custom-embed-image-overlay img{position:absolute;top:0;right:0;bottom:0;left:0}}.elementor-widget-video .e-hosted-video .elementor-video{-o-object-fit:cover;object-fit:cover}.e-con-inner>.elementor-widget-video,.e-con>.elementor-widget-video{width:var(--container-widget-width);--flex-grow:var(--container-widget-flex-grow)}<\/style>\t\t<div class=\"elementor-wrapper elementor-open-inline\">\n\t\t\t<iframe class=\"elementor-video-iframe\" allowfullscreen title=\"Reproductor de v\u00eddeo youtube\" src=\"https:\/\/www.youtube.com\/embed\/SaMbebh1h94?feature=oembed&amp;color&amp;autopause=0&amp;loop=0&amp;muted=0&amp;title=1&amp;portrait=1&amp;byline=1\"><\/iframe>\t\t<\/div>\n\t\t\t\t<\/div>\n\t\t\t\t<\/div>\n\t\t\t\t\t<\/div>\n\t\t<\/div>\n\t\t\t\t<div class=\"elementor-column elementor-col-50 elementor-top-column elementor-element elementor-element-7b3283b\" data-id=\"7b3283b\" data-element_type=\"column\">\n\t\t\t<div class=\"elementor-widget-wrap elementor-element-populated\">\n\t\t\t\t\t\t\t\t<div class=\"elementor-element elementor-element-4605b87 elementor-widget__width-initial elementor-widget elementor-widget-image\" data-id=\"4605b87\" data-element_type=\"widget\" data-widget_type=\"image.default\">\n\t\t\t\t<div class=\"elementor-widget-container\">\n\t\t\t<style>\/*! elementor - v3.15.0 - 20-08-2023 *\/\n.elementor-widget-image{text-align:center}.elementor-widget-image a{display:inline-block}.elementor-widget-image a img[src$=\".svg\"]{width:48px}.elementor-widget-image img{vertical-align:middle;display:inline-block}<\/style>\t\t\t\t\t\t\t\t\t\t\t\t<img decoding=\"async\" loading=\"lazy\" width=\"579\" height=\"130\" src=\"https:\/\/javiprincep.com\/wp-content\/uploads\/2023\/07\/Frame-16.png\" class=\"attachment-large size-large wp-image-499\" alt=\"imagen VIDEOBOOK\" srcset=\"https:\/\/javiprincep.com\/wp-content\/uploads\/2023\/07\/Frame-16.png 579w, https:\/\/javiprincep.com\/wp-content\/uploads\/2023\/07\/Frame-16-300x67.png 300w\" sizes=\"(max-width: 579px) 100vw, 579px\" \/>\t\t\t\t\t\t\t\t\t\t\t\t\t\t\t<\/div>\n\t\t\t\t<\/div>\n\t\t\t\t<div class=\"elementor-element elementor-element-b544f31 elementor-widget__width-initial elementor-widget elementor-widget-text-editor\" data-id=\"b544f31\" data-element_type=\"widget\" data-widget_type=\"text-editor.default\">\n\t\t\t\t<div class=\"elementor-widget-container\">\n\t\t\t\t\t\t\t<p><span style=\"font-weight: 400;\">En ficci\u00f3 ha<\/span> <span style=\"font-weight: 400;\">participat en diferents produccions d&#8217;\u00e0mbit nacional. Destaquen les seves aparicions en s\u00e8ries com \u201cCites\u201d, \u201cLa Riera\u201d i \u201c*Com si *fos *ahir\u201d de TV3. Tamb\u00e9 li hem pogut veure en s\u00e8ries com \u201cLos espabilados\u201d (Movistar) o \u201cTu tambi\u00e9n lo har\u00edas\u201d (Disney+).<\/span><\/p>\n\t\t\t\t\t\t<\/div>\n\t\t\t\t<\/div>\n\t\t\t\t\t<\/div>\n\t\t<\/div>\n\t\t\t\t\t\t\t<\/div>\n\t\t<\/section>\n\t\t\t\t<section class=\"elementor-section elementor-top-section elementor-element elementor-element-22dd284 elementor-section-full_width elementor-section-height-min-height elementor-section-items-stretch elementor-section-content-middle elementor-section-height-default\" data-id=\"22dd284\" data-element_type=\"section\">\n\t\t\t\t\t\t<div class=\"elementor-container elementor-column-gap-no\">\n\t\t\t\t\t<div class=\"elementor-column elementor-col-50 elementor-top-column elementor-element elementor-element-2de6701\" data-id=\"2de6701\" data-element_type=\"column\" data-settings=\"{&quot;background_background&quot;:&quot;classic&quot;}\">\n\t\t\t<div class=\"elementor-widget-wrap elementor-element-populated\">\n\t\t\t\t\t\t\t\t<div class=\"elementor-element elementor-element-9a7e543 elementor-widget elementor-widget-video\" data-id=\"9a7e543\" data-element_type=\"widget\" data-settings=\"{&quot;video_type&quot;:&quot;vimeo&quot;}\" data-widget_type=\"video.default\">\n\t\t\t\t<div class=\"elementor-widget-container\">\n\t\t\t\t\t<div class=\"elementor-wrapper elementor-open-inline\">\n\t\t\t<iframe class=\"elementor-video-iframe\" allowfullscreen title=\"Reproductor de v\u00eddeo youtube\" src=\"https:\/\/www.youtube.com\/embed\/f1vpaajg21o?feature=oembed&amp;color&amp;autopause=0&amp;loop=0&amp;muted=0&amp;title=1&amp;portrait=1&amp;byline=1\"><\/iframe>\t\t<\/div>\n\t\t\t\t<\/div>\n\t\t\t\t<\/div>\n\t\t\t\t\t<\/div>\n\t\t<\/div>\n\t\t\t\t<div class=\"elementor-column elementor-col-50 elementor-top-column elementor-element elementor-element-3b7808d\" data-id=\"3b7808d\" data-element_type=\"column\">\n\t\t\t<div class=\"elementor-widget-wrap elementor-element-populated\">\n\t\t\t\t\t\t\t\t<div class=\"elementor-element elementor-element-3dd5c3a elementor-widget__width-initial elementor-widget elementor-widget-image\" data-id=\"3dd5c3a\" data-element_type=\"widget\" data-widget_type=\"image.default\">\n\t\t\t\t<div class=\"elementor-widget-container\">\n\t\t\t\t\t\t\t\t\t\t\t\t\t\t\t<img decoding=\"async\" loading=\"lazy\" width=\"564\" height=\"130\" src=\"https:\/\/javiprincep.com\/wp-content\/uploads\/2023\/07\/Frame-17.png\" class=\"attachment-large size-large wp-image-500\" alt=\"imagen PUBLICIDAD\" srcset=\"https:\/\/javiprincep.com\/wp-content\/uploads\/2023\/07\/Frame-17.png 564w, https:\/\/javiprincep.com\/wp-content\/uploads\/2023\/07\/Frame-17-300x69.png 300w\" sizes=\"(max-width: 564px) 100vw, 564px\" \/>\t\t\t\t\t\t\t\t\t\t\t\t\t\t\t<\/div>\n\t\t\t\t<\/div>\n\t\t\t\t<div class=\"elementor-element elementor-element-7161d70 elementor-widget__width-initial elementor-widget elementor-widget-text-editor\" data-id=\"7161d70\" data-element_type=\"widget\" data-widget_type=\"text-editor.default\">\n\t\t\t\t<div class=\"elementor-widget-container\">\n\t\t\t\t\t\t\t<p>A nivell nacional ho hem vist en campanyes d&#8217;empreses com Marcilla, Aldi, Deutsche Bank, Vivesoy, Audi o Estrella Damm entre altres. I m\u00e9s enll\u00e0 de les nostres fronteres ha participat en anuncis per a Renault, Glovo, PayPal, Naturgy, Vodafone, Affinity\u2026<\/p>\n\t\t\t\t\t\t<\/div>\n\t\t\t\t<\/div>\n\t\t\t\t\t<\/div>\n\t\t<\/div>\n\t\t\t\t\t\t\t<\/div>\n\t\t<\/section>\n\t\t\t\t<section class=\"elementor-section elementor-top-section elementor-element elementor-element-13762db elementor-section-full_width elementor-section-height-min-height elementor-section-items-stretch elementor-section-content-middle elementor-section-height-default\" data-id=\"13762db\" data-element_type=\"section\">\n\t\t\t\t\t\t<div class=\"elementor-container elementor-column-gap-no\">\n\t\t\t\t\t<div class=\"elementor-column elementor-col-50 elementor-top-column elementor-element elementor-element-0188f35\" data-id=\"0188f35\" data-element_type=\"column\" data-settings=\"{&quot;background_background&quot;:&quot;classic&quot;}\">\n\t\t\t<div class=\"elementor-widget-wrap elementor-element-populated\">\n\t\t\t\t\t\t\t\t<div class=\"elementor-element elementor-element-e55cd33 elementor-widget__width-inherit elementor-widget elementor-widget-image\" data-id=\"e55cd33\" data-element_type=\"widget\" data-widget_type=\"image.default\">\n\t\t\t\t<div class=\"elementor-widget-container\">\n\t\t\t\t\t\t\t\t\t\t\t\t\t\t\t<img decoding=\"async\" loading=\"lazy\" width=\"367\" height=\"225\" src=\"https:\/\/javiprincep.com\/wp-content\/uploads\/2023\/10\/ImproShow.jpg\" class=\"attachment-large size-large wp-image-1080\" alt=\"\" srcset=\"https:\/\/javiprincep.com\/wp-content\/uploads\/2023\/10\/ImproShow.jpg 367w, https:\/\/javiprincep.com\/wp-content\/uploads\/2023\/10\/ImproShow-300x184.jpg 300w\" sizes=\"(max-width: 367px) 100vw, 367px\" \/>\t\t\t\t\t\t\t\t\t\t\t\t\t\t\t<\/div>\n\t\t\t\t<\/div>\n\t\t\t\t\t<\/div>\n\t\t<\/div>\n\t\t\t\t<div class=\"elementor-column elementor-col-50 elementor-top-column elementor-element elementor-element-0066a1c\" data-id=\"0066a1c\" data-element_type=\"column\">\n\t\t\t<div class=\"elementor-widget-wrap elementor-element-populated\">\n\t\t\t\t\t\t\t\t<div class=\"elementor-element elementor-element-523d380 elementor-widget__width-initial elementor-widget elementor-widget-image\" data-id=\"523d380\" data-element_type=\"widget\" data-widget_type=\"image.default\">\n\t\t\t\t<div class=\"elementor-widget-container\">\n\t\t\t\t\t\t\t\t\t\t\t\t\t\t\t<img decoding=\"async\" loading=\"lazy\" width=\"800\" height=\"148\" src=\"https:\/\/javiprincep.com\/wp-content\/uploads\/2023\/07\/Frame-24-1024x190.png\" class=\"attachment-large size-large wp-image-644\" alt=\"imagen IMPROVISADOR\" srcset=\"https:\/\/javiprincep.com\/wp-content\/uploads\/2023\/07\/Frame-24-1024x190.png 1024w, https:\/\/javiprincep.com\/wp-content\/uploads\/2023\/07\/Frame-24-300x56.png 300w, https:\/\/javiprincep.com\/wp-content\/uploads\/2023\/07\/Frame-24-768x142.png 768w, https:\/\/javiprincep.com\/wp-content\/uploads\/2023\/07\/Frame-24-1536x284.png 1536w, https:\/\/javiprincep.com\/wp-content\/uploads\/2023\/07\/Frame-24-2048x379.png 2048w\" sizes=\"(max-width: 800px) 100vw, 800px\" \/>\t\t\t\t\t\t\t\t\t\t\t\t\t\t\t<\/div>\n\t\t\t\t<\/div>\n\t\t\t\t<div class=\"elementor-element elementor-element-35bd794 elementor-widget__width-initial elementor-widget elementor-widget-text-editor\" data-id=\"35bd794\" data-element_type=\"widget\" data-widget_type=\"text-editor.default\">\n\t\t\t\t<div class=\"elementor-widget-container\">\n\t\t\t\t\t\t\t<p>Des de 2017 \u00e9s un dels actors habituals de Improshow de la companyia Planeta Impro. Companyia d&#8217;improvisaci\u00f3 teatral que porta m\u00e9s de 20 anys fent riure al p\u00fablic tant en les seves funcions de resid\u00e8ncia teatral en el Teatre Neu com en tota mena de celebracions, festes populars i esdeveniments d&#8217;empresa.<\/p>\n\t\t\t\t\t\t<\/div>\n\t\t\t\t<\/div>\n\t\t\t\t\t<\/div>\n\t\t<\/div>\n\t\t\t\t\t\t\t<\/div>\n\t\t<\/section>\n\t\t\t\t\t\t\t<\/div>\n\t\t","protected":false},"excerpt":{"rendered":"<p>Javi Princep \u00e9s un actor graduat en T\u00e8cnica Meisner que compagina participacions tant en l&#8217;\u00e0mbit teatral com audiovisual. Agent lafarandulactores.com En ficci\u00f3 ha participat en diferents produccions d&#8217;\u00e0mbit nacional. Destaquen les seves aparicions en s\u00e8ries com \u201cCites\u201d, \u201cLa Riera\u201d i \u201c*Com si *fos *ahir\u201d de TV3. Tamb\u00e9 li hem pogut veure en s\u00e8ries com \u201cLos [&hellip;]<\/p>\n","protected":false},"author":1,"featured_media":0,"parent":0,"menu_order":0,"comment_status":"closed","ping_status":"closed","template":"","meta":{"footnotes":""},"yoast_head":"<!-- This site is optimized with the Yoast SEO Premium plugin v20.8 (Yoast SEO v22.6) - https:\/\/yoast.com\/wordpress\/plugins\/seo\/ -->\n<title>Actor - Javi Princep<\/title>\n<meta name=\"robots\" content=\"index, follow, max-snippet:-1, max-image-preview:large, max-video-preview:-1\" \/>\n<link rel=\"canonical\" href=\"https:\/\/javiprincep.com\/ca\/actor\/\" \/>\n<meta property=\"og:locale\" content=\"ca_ES\" \/>\n<meta property=\"og:type\" content=\"article\" \/>\n<meta property=\"og:title\" content=\"Actor\" \/>\n<meta property=\"og:description\" content=\"Javi Princep \u00e9s un actor graduat en T\u00e8cnica Meisner que compagina participacions tant en l&#8217;\u00e0mbit teatral com audiovisual. Agent lafarandulactores.com En ficci\u00f3 ha participat en diferents produccions d&#8217;\u00e0mbit nacional. Destaquen les seves aparicions en s\u00e8ries com \u201cCites\u201d, \u201cLa Riera\u201d i \u201c*Com si *fos *ahir\u201d de TV3. Tamb\u00e9 li hem pogut veure en s\u00e8ries com \u201cLos [&hellip;]\" \/>\n<meta property=\"og:url\" content=\"https:\/\/javiprincep.com\/ca\/actor\/\" \/>\n<meta property=\"og:site_name\" content=\"Javi Princep\" \/>\n<meta property=\"article:modified_time\" content=\"2023-11-02T09:33:16+00:00\" \/>\n<meta property=\"og:image\" content=\"https:\/\/javiprincep.com\/wp-content\/uploads\/2023\/07\/Frame-16.png\" \/>\n<meta name=\"twitter:card\" content=\"summary_large_image\" \/>\n<meta name=\"twitter:label1\" content=\"Temps estimat de lectura\" \/>\n\t<meta name=\"twitter:data1\" content=\"1 minut\" \/>\n<script type=\"application\/ld+json\" class=\"yoast-schema-graph\">{\"@context\":\"https:\/\/schema.org\",\"@graph\":[{\"@type\":\"WebPage\",\"@id\":\"https:\/\/javiprincep.com\/ca\/actor\/\",\"url\":\"https:\/\/javiprincep.com\/ca\/actor\/\",\"name\":\"Actor - Javi Princep\",\"isPartOf\":{\"@id\":\"https:\/\/javiprincep.com\/#website\"},\"primaryImageOfPage\":{\"@id\":\"https:\/\/javiprincep.com\/ca\/actor\/#primaryimage\"},\"image\":{\"@id\":\"https:\/\/javiprincep.com\/ca\/actor\/#primaryimage\"},\"thumbnailUrl\":\"https:\/\/javiprincep.com\/wp-content\/uploads\/2023\/07\/Frame-16.png\",\"datePublished\":\"2023-07-26T10:40:58+00:00\",\"dateModified\":\"2023-11-02T09:33:16+00:00\",\"breadcrumb\":{\"@id\":\"https:\/\/javiprincep.com\/ca\/actor\/#breadcrumb\"},\"inLanguage\":\"ca\",\"potentialAction\":[{\"@type\":\"ReadAction\",\"target\":[\"https:\/\/javiprincep.com\/ca\/actor\/\"]}]},{\"@type\":\"ImageObject\",\"inLanguage\":\"ca\",\"@id\":\"https:\/\/javiprincep.com\/ca\/actor\/#primaryimage\",\"url\":\"https:\/\/javiprincep.com\/wp-content\/uploads\/2023\/07\/Frame-16.png\",\"contentUrl\":\"https:\/\/javiprincep.com\/wp-content\/uploads\/2023\/07\/Frame-16.png\"},{\"@type\":\"BreadcrumbList\",\"@id\":\"https:\/\/javiprincep.com\/ca\/actor\/#breadcrumb\",\"itemListElement\":[{\"@type\":\"ListItem\",\"position\":1,\"name\":\"Home\",\"item\":\"https:\/\/javiprincep.com\/ca\/home\/\"},{\"@type\":\"ListItem\",\"position\":2,\"name\":\"Actor\"}]},{\"@type\":\"WebSite\",\"@id\":\"https:\/\/javiprincep.com\/#website\",\"url\":\"https:\/\/javiprincep.com\/\",\"name\":\"Javi Princep\",\"description\":\"Actor, presentador y locutor\",\"publisher\":{\"@id\":\"https:\/\/javiprincep.com\/#organization\"},\"potentialAction\":[{\"@type\":\"SearchAction\",\"target\":{\"@type\":\"EntryPoint\",\"urlTemplate\":\"https:\/\/javiprincep.com\/?s={search_term_string}\"},\"query-input\":\"required name=search_term_string\"}],\"inLanguage\":\"ca\"},{\"@type\":\"Organization\",\"@id\":\"https:\/\/javiprincep.com\/#organization\",\"name\":\"Javi Princep\",\"url\":\"https:\/\/javiprincep.com\/\",\"logo\":{\"@type\":\"ImageObject\",\"inLanguage\":\"ca\",\"@id\":\"https:\/\/javiprincep.com\/#\/schema\/logo\/image\/\",\"url\":\"https:\/\/javiprincep.com\/wp-content\/uploads\/2023\/06\/Group-3.svg\",\"contentUrl\":\"https:\/\/javiprincep.com\/wp-content\/uploads\/2023\/06\/Group-3.svg\",\"width\":553,\"height\":63,\"caption\":\"Javi Princep\"},\"image\":{\"@id\":\"https:\/\/javiprincep.com\/#\/schema\/logo\/image\/\"}}]}<\/script>\n<!-- \/ Yoast SEO Premium plugin. -->","yoast_head_json":{"title":"Actor - Javi Princep","robots":{"index":"index","follow":"follow","max-snippet":"max-snippet:-1","max-image-preview":"max-image-preview:large","max-video-preview":"max-video-preview:-1"},"canonical":"https:\/\/javiprincep.com\/ca\/actor\/","og_locale":"ca_ES","og_type":"article","og_title":"Actor","og_description":"Javi Princep \u00e9s un actor graduat en T\u00e8cnica Meisner que compagina participacions tant en l&#8217;\u00e0mbit teatral com audiovisual. Agent lafarandulactores.com En ficci\u00f3 ha participat en diferents produccions d&#8217;\u00e0mbit nacional. Destaquen les seves aparicions en s\u00e8ries com \u201cCites\u201d, \u201cLa Riera\u201d i \u201c*Com si *fos *ahir\u201d de TV3. Tamb\u00e9 li hem pogut veure en s\u00e8ries com \u201cLos [&hellip;]","og_url":"https:\/\/javiprincep.com\/ca\/actor\/","og_site_name":"Javi Princep","article_modified_time":"2023-11-02T09:33:16+00:00","og_image":[{"url":"https:\/\/javiprincep.com\/wp-content\/uploads\/2023\/07\/Frame-16.png"}],"twitter_card":"summary_large_image","twitter_misc":{"Temps estimat de lectura":"1 minut"},"schema":{"@context":"https:\/\/schema.org","@graph":[{"@type":"WebPage","@id":"https:\/\/javiprincep.com\/ca\/actor\/","url":"https:\/\/javiprincep.com\/ca\/actor\/","name":"Actor - Javi Princep","isPartOf":{"@id":"https:\/\/javiprincep.com\/#website"},"primaryImageOfPage":{"@id":"https:\/\/javiprincep.com\/ca\/actor\/#primaryimage"},"image":{"@id":"https:\/\/javiprincep.com\/ca\/actor\/#primaryimage"},"thumbnailUrl":"https:\/\/javiprincep.com\/wp-content\/uploads\/2023\/07\/Frame-16.png","datePublished":"2023-07-26T10:40:58+00:00","dateModified":"2023-11-02T09:33:16+00:00","breadcrumb":{"@id":"https:\/\/javiprincep.com\/ca\/actor\/#breadcrumb"},"inLanguage":"ca","potentialAction":[{"@type":"ReadAction","target":["https:\/\/javiprincep.com\/ca\/actor\/"]}]},{"@type":"ImageObject","inLanguage":"ca","@id":"https:\/\/javiprincep.com\/ca\/actor\/#primaryimage","url":"https:\/\/javiprincep.com\/wp-content\/uploads\/2023\/07\/Frame-16.png","contentUrl":"https:\/\/javiprincep.com\/wp-content\/uploads\/2023\/07\/Frame-16.png"},{"@type":"BreadcrumbList","@id":"https:\/\/javiprincep.com\/ca\/actor\/#breadcrumb","itemListElement":[{"@type":"ListItem","position":1,"name":"Home","item":"https:\/\/javiprincep.com\/ca\/home\/"},{"@type":"ListItem","position":2,"name":"Actor"}]},{"@type":"WebSite","@id":"https:\/\/javiprincep.com\/#website","url":"https:\/\/javiprincep.com\/","name":"Javi Princep","description":"Actor, presentador y locutor","publisher":{"@id":"https:\/\/javiprincep.com\/#organization"},"potentialAction":[{"@type":"SearchAction","target":{"@type":"EntryPoint","urlTemplate":"https:\/\/javiprincep.com\/?s={search_term_string}"},"query-input":"required name=search_term_string"}],"inLanguage":"ca"},{"@type":"Organization","@id":"https:\/\/javiprincep.com\/#organization","name":"Javi Princep","url":"https:\/\/javiprincep.com\/","logo":{"@type":"ImageObject","inLanguage":"ca","@id":"https:\/\/javiprincep.com\/#\/schema\/logo\/image\/","url":"https:\/\/javiprincep.com\/wp-content\/uploads\/2023\/06\/Group-3.svg","contentUrl":"https:\/\/javiprincep.com\/wp-content\/uploads\/2023\/06\/Group-3.svg","width":553,"height":63,"caption":"Javi Princep"},"image":{"@id":"https:\/\/javiprincep.com\/#\/schema\/logo\/image\/"}}]}},"_links":{"self":[{"href":"https:\/\/javiprincep.com\/ca\/wp-json\/wp\/v2\/pages\/1458"}],"collection":[{"href":"https:\/\/javiprincep.com\/ca\/wp-json\/wp\/v2\/pages"}],"about":[{"href":"https:\/\/javiprincep.com\/ca\/wp-json\/wp\/v2\/types\/page"}],"author":[{"embeddable":true,"href":"https:\/\/javiprincep.com\/ca\/wp-json\/wp\/v2\/users\/1"}],"replies":[{"embeddable":true,"href":"https:\/\/javiprincep.com\/ca\/wp-json\/wp\/v2\/comments?post=1458"}],"version-history":[{"count":3,"href":"https:\/\/javiprincep.com\/ca\/wp-json\/wp\/v2\/pages\/1458\/revisions"}],"predecessor-version":[{"id":1461,"href":"https:\/\/javiprincep.com\/ca\/wp-json\/wp\/v2\/pages\/1458\/revisions\/1461"}],"wp:attachment":[{"href":"https:\/\/javiprincep.com\/ca\/wp-json\/wp\/v2\/media?parent=1458"}],"curies":[{"name":"wp","href":"https:\/\/api.w.org\/{rel}","templated":true}]}}