{"id":1481,"date":"2023-07-26T11:54:55","date_gmt":"2023-07-26T10:54:55","guid":{"rendered":"https:\/\/javiprincep.com\/monologuista\/"},"modified":"2023-11-02T09:47:06","modified_gmt":"2023-11-02T09:47:06","slug":"monologuista","status":"publish","type":"page","link":"https:\/\/javiprincep.com\/ca\/monologuista\/","title":{"rendered":"Monologuista"},"content":{"rendered":"\t\t<div data-elementor-type=\"wp-page\" data-elementor-id=\"1481\" class=\"elementor elementor-1481 elementor-340\">\n\t\t\t\t\t\t\t\t\t<section class=\"elementor-section elementor-top-section elementor-element elementor-element-6ce851a elementor-section-full_width elementor-section-height-min-height elementor-section-height-default elementor-section-items-middle\" data-id=\"6ce851a\" data-element_type=\"section\" data-settings=\"{&quot;background_background&quot;:&quot;slideshow&quot;,&quot;background_slideshow_gallery&quot;:[{&quot;id&quot;:899,&quot;url&quot;:&quot;https:\\\/\\\/javiprincep.com\\\/wp-content\\\/uploads\\\/2023\\\/07\\\/Frame-366.png&quot;}],&quot;background_slideshow_loop&quot;:&quot;yes&quot;,&quot;background_slideshow_slide_duration&quot;:5000,&quot;background_slideshow_slide_transition&quot;:&quot;fade&quot;,&quot;background_slideshow_transition_duration&quot;:500}\">\n\t\t\t\t\t\t<div class=\"elementor-container elementor-column-gap-default\">\n\t\t\t\t\t<div class=\"elementor-column elementor-col-50 elementor-top-column elementor-element elementor-element-f8946a6\" data-id=\"f8946a6\" data-element_type=\"column\">\n\t\t\t<div class=\"elementor-widget-wrap elementor-element-populated\">\n\t\t\t\t\t\t\t\t<div class=\"elementor-element elementor-element-15dc79b elementor-widget elementor-widget-spacer\" data-id=\"15dc79b\" data-element_type=\"widget\" data-widget_type=\"spacer.default\">\n\t\t\t\t<div class=\"elementor-widget-container\">\n\t\t\t<style>\/*! elementor - v3.15.0 - 20-08-2023 *\/\n.elementor-column .elementor-spacer-inner{height:var(--spacer-size)}.e-con{--container-widget-width:100%}.e-con-inner>.elementor-widget-spacer,.e-con>.elementor-widget-spacer{width:var(--container-widget-width,var(--spacer-size));--align-self:var(--container-widget-align-self,initial);--flex-shrink:0}.e-con-inner>.elementor-widget-spacer>.elementor-widget-container,.e-con-inner>.elementor-widget-spacer>.elementor-widget-container>.elementor-spacer,.e-con>.elementor-widget-spacer>.elementor-widget-container,.e-con>.elementor-widget-spacer>.elementor-widget-container>.elementor-spacer{height:100%}.e-con-inner>.elementor-widget-spacer>.elementor-widget-container>.elementor-spacer>.elementor-spacer-inner,.e-con>.elementor-widget-spacer>.elementor-widget-container>.elementor-spacer>.elementor-spacer-inner{height:var(--container-widget-height,var(--spacer-size))}<\/style>\t\t<div class=\"elementor-spacer\">\n\t\t\t<div class=\"elementor-spacer-inner\"><\/div>\n\t\t<\/div>\n\t\t\t\t<\/div>\n\t\t\t\t<\/div>\n\t\t\t\t<div class=\"elementor-element elementor-element-945ff2b elementor-widget__width-initial elementor-widget-mobile__width-initial elementor-widget elementor-widget-image\" data-id=\"945ff2b\" data-element_type=\"widget\" data-widget_type=\"image.default\">\n\t\t\t\t<div class=\"elementor-widget-container\">\n\t\t\t<style>\/*! elementor - v3.15.0 - 20-08-2023 *\/\n.elementor-widget-image{text-align:center}.elementor-widget-image a{display:inline-block}.elementor-widget-image a img[src$=\".svg\"]{width:48px}.elementor-widget-image img{vertical-align:middle;display:inline-block}<\/style>\t\t\t\t\t\t\t\t\t\t\t\t<img decoding=\"async\" loading=\"lazy\" width=\"800\" height=\"155\" src=\"https:\/\/javiprincep.com\/wp-content\/uploads\/2023\/07\/MONOLOGUISTA-1024x198.png\" class=\"attachment-large size-large wp-image-799\" alt=\"imagen MONOLOGUISTA\" srcset=\"https:\/\/javiprincep.com\/wp-content\/uploads\/2023\/07\/MONOLOGUISTA-1024x198.png 1024w, https:\/\/javiprincep.com\/wp-content\/uploads\/2023\/07\/MONOLOGUISTA-300x58.png 300w, https:\/\/javiprincep.com\/wp-content\/uploads\/2023\/07\/MONOLOGUISTA-768x149.png 768w, https:\/\/javiprincep.com\/wp-content\/uploads\/2023\/07\/MONOLOGUISTA-1536x298.png 1536w, https:\/\/javiprincep.com\/wp-content\/uploads\/2023\/07\/MONOLOGUISTA.png 2013w\" sizes=\"(max-width: 800px) 100vw, 800px\" \/>\t\t\t\t\t\t\t\t\t\t\t\t\t\t\t<\/div>\n\t\t\t\t<\/div>\n\t\t\t\t<div class=\"elementor-element elementor-element-5a90d70 elementor-widget__width-initial elementor-widget-mobile__width-inherit elementor-widget elementor-widget-text-editor\" data-id=\"5a90d70\" data-element_type=\"widget\" data-widget_type=\"text-editor.default\">\n\t\t\t\t<div class=\"elementor-widget-container\">\n\t\t\t<style>\/*! elementor - v3.15.0 - 20-08-2023 *\/\n.elementor-widget-text-editor.elementor-drop-cap-view-stacked .elementor-drop-cap{background-color:#69727d;color:#fff}.elementor-widget-text-editor.elementor-drop-cap-view-framed .elementor-drop-cap{color:#69727d;border:3px solid;background-color:transparent}.elementor-widget-text-editor:not(.elementor-drop-cap-view-default) .elementor-drop-cap{margin-top:8px}.elementor-widget-text-editor:not(.elementor-drop-cap-view-default) .elementor-drop-cap-letter{width:1em;height:1em}.elementor-widget-text-editor .elementor-drop-cap{float:left;text-align:center;line-height:1;font-size:50px}.elementor-widget-text-editor .elementor-drop-cap-letter{display:inline-block}<\/style>\t\t\t\t<p>La seva marxa com a imitador va comen\u00e7ar en la r\u00e0dio en 2013 com a col\u00b7laborador en el programa Directe 4.0 (RNE 4). Poc despr\u00e9s va traslladar a alguns dels seus personatges m\u00e9s estimats i aplaudits als escenaris creant el seu propi espectacle en format de mon\u00f2leg. Deu anys despr\u00e9s de comen\u00e7ar la seva marxa ha passejat per escenaris de tota la geografia catalana, i altres prov\u00edncies com Castell\u00f3, Terol, Saragossa\u2026 fent riure a milers de persones<\/p>\n\t\t\t\t\t\t<\/div>\n\t\t\t\t<\/div>\n\t\t\t\t\t<\/div>\n\t\t<\/div>\n\t\t\t\t<div class=\"elementor-column elementor-col-50 elementor-top-column elementor-element elementor-element-e144ef9\" data-id=\"e144ef9\" data-element_type=\"column\" data-settings=\"{&quot;background_background&quot;:&quot;slideshow&quot;,&quot;background_slideshow_gallery&quot;:[],&quot;background_slideshow_loop&quot;:&quot;yes&quot;,&quot;background_slideshow_slide_duration&quot;:5000,&quot;background_slideshow_slide_transition&quot;:&quot;fade&quot;,&quot;background_slideshow_transition_duration&quot;:500}\">\n\t\t\t<div class=\"elementor-widget-wrap\">\n\t\t\t\t\t\t\t\t\t<\/div>\n\t\t<\/div>\n\t\t\t\t\t\t\t<\/div>\n\t\t<\/section>\n\t\t\t\t<section class=\"elementor-section elementor-top-section elementor-element elementor-element-e00b367 elementor-section-full_width elementor-section-height-default elementor-section-height-default\" data-id=\"e00b367\" data-element_type=\"section\">\n\t\t\t\t\t\t<div class=\"elementor-container elementor-column-gap-default\">\n\t\t\t\t\t<div class=\"elementor-column elementor-col-100 elementor-top-column elementor-element elementor-element-64354a8\" data-id=\"64354a8\" data-element_type=\"column\">\n\t\t\t<div class=\"elementor-widget-wrap elementor-element-populated\">\n\t\t\t\t\t\t\t\t<div class=\"elementor-element elementor-element-80cae28 elementor-widget elementor-widget-image\" data-id=\"80cae28\" data-element_type=\"widget\" data-widget_type=\"image.default\">\n\t\t\t\t<div class=\"elementor-widget-container\">\n\t\t\t\t\t\t\t\t\t\t\t\t\t\t\t<img decoding=\"async\" loading=\"lazy\" width=\"1012\" height=\"130\" src=\"https:\/\/javiprincep.com\/wp-content\/uploads\/2023\/07\/Frame-15.png\" class=\"attachment-full size-full wp-image-479\" alt=\"imagen IMITANDO AL MUNDO\" srcset=\"https:\/\/javiprincep.com\/wp-content\/uploads\/2023\/07\/Frame-15.png 1012w, https:\/\/javiprincep.com\/wp-content\/uploads\/2023\/07\/Frame-15-300x39.png 300w, https:\/\/javiprincep.com\/wp-content\/uploads\/2023\/07\/Frame-15-768x99.png 768w\" sizes=\"(max-width: 1012px) 100vw, 1012px\" \/>\t\t\t\t\t\t\t\t\t\t\t\t\t\t\t<\/div>\n\t\t\t\t<\/div>\n\t\t\t\t<div class=\"elementor-element elementor-element-7ea76cf elementor-widget__width-initial elementor-widget-mobile__width-initial elementor-widget elementor-widget-text-editor\" data-id=\"7ea76cf\" data-element_type=\"widget\" data-widget_type=\"text-editor.default\">\n\t\t\t\t<div class=\"elementor-widget-container\">\n\t\t\t\t\t\t\t<p>Un xou de creaci\u00f3 pr\u00f2pia en el qual encarna al voltant de 50 personatges coneguts presumint de la seva gran capacitat a l&#8217;hora d&#8217;imitar i mimetitzar-se amb el personatge en q\u00fcesti\u00f3. Un espectacle divertit i am\u00e8 que far\u00e0 oblidar-te per un moment de les teves preocupacions.<\/p>\n<div>&nbsp;<\/div>\t\t\t\t\t\t<\/div>\n\t\t\t\t<\/div>\n\t\t\t\t<div class=\"elementor-element elementor-element-53ace0f elementor-widget-mobile__width-inherit elementor-widget__width-initial elementor-widget elementor-widget-video\" data-id=\"53ace0f\" data-element_type=\"widget\" data-settings=\"{&quot;youtube_url&quot;:&quot;https:\\\/\\\/youtu.be\\\/ucrsXbU61x4?si=OH32H6_Su0YHoX-_&quot;,&quot;video_type&quot;:&quot;youtube&quot;,&quot;controls&quot;:&quot;yes&quot;}\" data-widget_type=\"video.default\">\n\t\t\t\t<div class=\"elementor-widget-container\">\n\t\t\t<style>\/*! elementor - v3.15.0 - 20-08-2023 *\/\n.elementor-widget-video .elementor-widget-container{overflow:hidden;transform:translateZ(0)}.elementor-widget-video .elementor-wrapper{aspect-ratio:var(--video-aspect-ratio)}.elementor-widget-video .elementor-wrapper iframe,.elementor-widget-video .elementor-wrapper video{height:100%;width:100%;display:flex;border:none;background-color:#000}@supports not (aspect-ratio:1\/1){.elementor-widget-video .elementor-wrapper{position:relative;overflow:hidden;height:0;padding-bottom:calc(100% \/ var(--video-aspect-ratio))}.elementor-widget-video .elementor-wrapper iframe,.elementor-widget-video .elementor-wrapper video{position:absolute;top:0;right:0;bottom:0;left:0}}.elementor-widget-video .elementor-open-inline .elementor-custom-embed-image-overlay{position:absolute;top:0;right:0;bottom:0;left:0;background-size:cover;background-position:50%}.elementor-widget-video .elementor-custom-embed-image-overlay{cursor:pointer;text-align:center}.elementor-widget-video .elementor-custom-embed-image-overlay:hover .elementor-custom-embed-play i{opacity:1}.elementor-widget-video .elementor-custom-embed-image-overlay img{display:block;width:100%;aspect-ratio:var(--video-aspect-ratio);-o-object-fit:cover;object-fit:cover;-o-object-position:center center;object-position:center center}@supports not (aspect-ratio:1\/1){.elementor-widget-video .elementor-custom-embed-image-overlay{position:relative;overflow:hidden;height:0;padding-bottom:calc(100% \/ var(--video-aspect-ratio))}.elementor-widget-video .elementor-custom-embed-image-overlay img{position:absolute;top:0;right:0;bottom:0;left:0}}.elementor-widget-video .e-hosted-video .elementor-video{-o-object-fit:cover;object-fit:cover}.e-con-inner>.elementor-widget-video,.e-con>.elementor-widget-video{width:var(--container-widget-width);--flex-grow:var(--container-widget-flex-grow)}<\/style>\t\t<div class=\"elementor-wrapper elementor-open-inline\">\n\t\t\t<div class=\"elementor-video\"><\/div>\t\t<\/div>\n\t\t\t\t<\/div>\n\t\t\t\t<\/div>\n\t\t\t\t\t<\/div>\n\t\t<\/div>\n\t\t\t\t\t\t\t<\/div>\n\t\t<\/section>\n\t\t\t\t<section class=\"elementor-section elementor-top-section elementor-element elementor-element-959dfe7 elementor-section-full_width elementor-section-height-default elementor-section-height-default\" data-id=\"959dfe7\" data-element_type=\"section\">\n\t\t\t\t\t\t<div class=\"elementor-container elementor-column-gap-default\">\n\t\t\t\t\t<div class=\"elementor-column elementor-col-100 elementor-top-column elementor-element elementor-element-bdf51fd\" data-id=\"bdf51fd\" data-element_type=\"column\">\n\t\t\t<div class=\"elementor-widget-wrap elementor-element-populated\">\n\t\t\t\t\t\t\t\t<div class=\"elementor-element elementor-element-9441e01 elementor-widget elementor-widget-image\" data-id=\"9441e01\" data-element_type=\"widget\" data-widget_type=\"image.default\">\n\t\t\t\t<div class=\"elementor-widget-container\">\n\t\t\t\t\t\t\t\t\t\t\t\t\t\t\t<img decoding=\"async\" loading=\"lazy\" width=\"1012\" height=\"130\" src=\"https:\/\/javiprincep.com\/wp-content\/uploads\/2023\/07\/Frame-14.png\" class=\"attachment-full size-full wp-image-480\" alt=\"imagen IMITANDO A TU PUEBLO\" srcset=\"https:\/\/javiprincep.com\/wp-content\/uploads\/2023\/07\/Frame-14.png 1012w, https:\/\/javiprincep.com\/wp-content\/uploads\/2023\/07\/Frame-14-300x39.png 300w, https:\/\/javiprincep.com\/wp-content\/uploads\/2023\/07\/Frame-14-768x99.png 768w\" sizes=\"(max-width: 1012px) 100vw, 1012px\" \/>\t\t\t\t\t\t\t\t\t\t\t\t\t\t\t<\/div>\n\t\t\t\t<\/div>\n\t\t\t\t<div class=\"elementor-element elementor-element-e3d0c8f elementor-widget__width-initial elementor-widget-mobile__width-initial elementor-widget elementor-widget-text-editor\" data-id=\"e3d0c8f\" data-element_type=\"widget\" data-widget_type=\"text-editor.default\">\n\t\t\t\t<div class=\"elementor-widget-container\">\n\t\t\t\t\t\t\t<p>Espectacle en el qual es capta el car\u00e0cter i la peculiaritat del teu poble mitjan\u00e7ant la participaci\u00f3 d&#8217;alguns dels seus habitants. Unes setmanes abans de l&#8217;espectacle es realitzen gravacions de v\u00eddeo amb ve\u00efns singulars del poble a mode d&#8217;entrevista. Posteriorment s&#8217;editen i es mostren el dia del xou intercalades amb les seves imitacions m\u00e9s reconegudes i habituals.<\/p>\n<div> <\/div>\n<div> <\/div>\n\t\t\t\t\t\t<\/div>\n\t\t\t\t<\/div>\n\t\t\t\t<div class=\"elementor-element elementor-element-bfe0a5a elementor-widget-mobile__width-inherit elementor-widget__width-initial elementor-widget elementor-widget-video\" data-id=\"bfe0a5a\" data-element_type=\"widget\" data-settings=\"{&quot;youtube_url&quot;:&quot;https:\\\/\\\/youtu.be\\\/xlbtxK1btHo?si=BcnAN1k2wHZw_gci&quot;,&quot;video_type&quot;:&quot;youtube&quot;,&quot;controls&quot;:&quot;yes&quot;}\" data-widget_type=\"video.default\">\n\t\t\t\t<div class=\"elementor-widget-container\">\n\t\t\t\t\t<div class=\"elementor-wrapper elementor-open-inline\">\n\t\t\t<div class=\"elementor-video\"><\/div>\t\t<\/div>\n\t\t\t\t<\/div>\n\t\t\t\t<\/div>\n\t\t\t\t\t<\/div>\n\t\t<\/div>\n\t\t\t\t\t\t\t<\/div>\n\t\t<\/section>\n\t\t\t\t<section class=\"elementor-section elementor-top-section elementor-element elementor-element-74ad2aa elementor-section-boxed elementor-section-height-default elementor-section-height-default\" data-id=\"74ad2aa\" data-element_type=\"section\">\n\t\t\t\t\t\t<div class=\"elementor-container elementor-column-gap-default\">\n\t\t\t\t\t<div class=\"elementor-column elementor-col-100 elementor-top-column elementor-element elementor-element-fe0a382\" data-id=\"fe0a382\" data-element_type=\"column\">\n\t\t\t<div class=\"elementor-widget-wrap elementor-element-populated\">\n\t\t\t\t\t\t\t\t<div class=\"elementor-element elementor-element-f1ba15d elementor-widget elementor-widget-spacer\" data-id=\"f1ba15d\" data-element_type=\"widget\" data-widget_type=\"spacer.default\">\n\t\t\t\t<div class=\"elementor-widget-container\">\n\t\t\t\t\t<div class=\"elementor-spacer\">\n\t\t\t<div class=\"elementor-spacer-inner\"><\/div>\n\t\t<\/div>\n\t\t\t\t<\/div>\n\t\t\t\t<\/div>\n\t\t\t\t\t<\/div>\n\t\t<\/div>\n\t\t\t\t\t\t\t<\/div>\n\t\t<\/section>\n\t\t\t\t\t\t\t<\/div>\n\t\t","protected":false},"excerpt":{"rendered":"<p>La seva marxa com a imitador va comen\u00e7ar en la r\u00e0dio en 2013 com a col\u00b7laborador en el programa Directe 4.0 (RNE 4). Poc despr\u00e9s va traslladar a alguns dels seus personatges m\u00e9s estimats i aplaudits als escenaris creant el seu propi espectacle en format de mon\u00f2leg. Deu anys despr\u00e9s de comen\u00e7ar la seva marxa [&hellip;]<\/p>\n","protected":false},"author":1,"featured_media":0,"parent":0,"menu_order":0,"comment_status":"closed","ping_status":"closed","template":"","meta":{"footnotes":""},"yoast_head":"<!-- This site is optimized with the Yoast SEO Premium plugin v20.8 (Yoast SEO v22.6) - https:\/\/yoast.com\/wordpress\/plugins\/seo\/ -->\n<title>Monologuista - Javi Princep<\/title>\n<meta name=\"robots\" content=\"index, follow, max-snippet:-1, max-image-preview:large, max-video-preview:-1\" \/>\n<link rel=\"canonical\" href=\"https:\/\/javiprincep.com\/ca\/monologuista\/\" \/>\n<meta property=\"og:locale\" content=\"ca_ES\" \/>\n<meta property=\"og:type\" content=\"article\" \/>\n<meta property=\"og:title\" content=\"Monologuista\" \/>\n<meta property=\"og:description\" content=\"La seva marxa com a imitador va comen\u00e7ar en la r\u00e0dio en 2013 com a col\u00b7laborador en el programa Directe 4.0 (RNE 4). Poc despr\u00e9s va traslladar a alguns dels seus personatges m\u00e9s estimats i aplaudits als escenaris creant el seu propi espectacle en format de mon\u00f2leg. Deu anys despr\u00e9s de comen\u00e7ar la seva marxa [&hellip;]\" \/>\n<meta property=\"og:url\" content=\"https:\/\/javiprincep.com\/ca\/monologuista\/\" \/>\n<meta property=\"og:site_name\" content=\"Javi Princep\" \/>\n<meta property=\"article:modified_time\" content=\"2023-11-02T09:47:06+00:00\" \/>\n<meta property=\"og:image\" content=\"https:\/\/javiprincep.com\/wp-content\/uploads\/2023\/07\/MONOLOGUISTA-1024x198.png\" \/>\n<meta name=\"twitter:card\" content=\"summary_large_image\" \/>\n<meta name=\"twitter:label1\" content=\"Temps estimat de lectura\" \/>\n\t<meta name=\"twitter:data1\" content=\"1 minut\" \/>\n<script type=\"application\/ld+json\" class=\"yoast-schema-graph\">{\"@context\":\"https:\/\/schema.org\",\"@graph\":[{\"@type\":\"WebPage\",\"@id\":\"https:\/\/javiprincep.com\/ca\/monologuista\/\",\"url\":\"https:\/\/javiprincep.com\/ca\/monologuista\/\",\"name\":\"Monologuista - Javi Princep\",\"isPartOf\":{\"@id\":\"https:\/\/javiprincep.com\/#website\"},\"primaryImageOfPage\":{\"@id\":\"https:\/\/javiprincep.com\/ca\/monologuista\/#primaryimage\"},\"image\":{\"@id\":\"https:\/\/javiprincep.com\/ca\/monologuista\/#primaryimage\"},\"thumbnailUrl\":\"https:\/\/javiprincep.com\/wp-content\/uploads\/2023\/07\/MONOLOGUISTA-1024x198.png\",\"datePublished\":\"2023-07-26T10:54:55+00:00\",\"dateModified\":\"2023-11-02T09:47:06+00:00\",\"breadcrumb\":{\"@id\":\"https:\/\/javiprincep.com\/ca\/monologuista\/#breadcrumb\"},\"inLanguage\":\"ca\",\"potentialAction\":[{\"@type\":\"ReadAction\",\"target\":[\"https:\/\/javiprincep.com\/ca\/monologuista\/\"]}]},{\"@type\":\"ImageObject\",\"inLanguage\":\"ca\",\"@id\":\"https:\/\/javiprincep.com\/ca\/monologuista\/#primaryimage\",\"url\":\"https:\/\/javiprincep.com\/wp-content\/uploads\/2023\/07\/MONOLOGUISTA-1024x198.png\",\"contentUrl\":\"https:\/\/javiprincep.com\/wp-content\/uploads\/2023\/07\/MONOLOGUISTA-1024x198.png\"},{\"@type\":\"BreadcrumbList\",\"@id\":\"https:\/\/javiprincep.com\/ca\/monologuista\/#breadcrumb\",\"itemListElement\":[{\"@type\":\"ListItem\",\"position\":1,\"name\":\"Home\",\"item\":\"https:\/\/javiprincep.com\/ca\/home\/\"},{\"@type\":\"ListItem\",\"position\":2,\"name\":\"Monologuista\"}]},{\"@type\":\"WebSite\",\"@id\":\"https:\/\/javiprincep.com\/#website\",\"url\":\"https:\/\/javiprincep.com\/\",\"name\":\"Javi Princep\",\"description\":\"Actor, presentador y locutor\",\"publisher\":{\"@id\":\"https:\/\/javiprincep.com\/#organization\"},\"potentialAction\":[{\"@type\":\"SearchAction\",\"target\":{\"@type\":\"EntryPoint\",\"urlTemplate\":\"https:\/\/javiprincep.com\/?s={search_term_string}\"},\"query-input\":\"required name=search_term_string\"}],\"inLanguage\":\"ca\"},{\"@type\":\"Organization\",\"@id\":\"https:\/\/javiprincep.com\/#organization\",\"name\":\"Javi Princep\",\"url\":\"https:\/\/javiprincep.com\/\",\"logo\":{\"@type\":\"ImageObject\",\"inLanguage\":\"ca\",\"@id\":\"https:\/\/javiprincep.com\/#\/schema\/logo\/image\/\",\"url\":\"https:\/\/javiprincep.com\/wp-content\/uploads\/2023\/06\/Group-3.svg\",\"contentUrl\":\"https:\/\/javiprincep.com\/wp-content\/uploads\/2023\/06\/Group-3.svg\",\"width\":553,\"height\":63,\"caption\":\"Javi Princep\"},\"image\":{\"@id\":\"https:\/\/javiprincep.com\/#\/schema\/logo\/image\/\"}}]}<\/script>\n<!-- \/ Yoast SEO Premium plugin. -->","yoast_head_json":{"title":"Monologuista - Javi Princep","robots":{"index":"index","follow":"follow","max-snippet":"max-snippet:-1","max-image-preview":"max-image-preview:large","max-video-preview":"max-video-preview:-1"},"canonical":"https:\/\/javiprincep.com\/ca\/monologuista\/","og_locale":"ca_ES","og_type":"article","og_title":"Monologuista","og_description":"La seva marxa com a imitador va comen\u00e7ar en la r\u00e0dio en 2013 com a col\u00b7laborador en el programa Directe 4.0 (RNE 4). Poc despr\u00e9s va traslladar a alguns dels seus personatges m\u00e9s estimats i aplaudits als escenaris creant el seu propi espectacle en format de mon\u00f2leg. Deu anys despr\u00e9s de comen\u00e7ar la seva marxa [&hellip;]","og_url":"https:\/\/javiprincep.com\/ca\/monologuista\/","og_site_name":"Javi Princep","article_modified_time":"2023-11-02T09:47:06+00:00","og_image":[{"url":"https:\/\/javiprincep.com\/wp-content\/uploads\/2023\/07\/MONOLOGUISTA-1024x198.png"}],"twitter_card":"summary_large_image","twitter_misc":{"Temps estimat de lectura":"1 minut"},"schema":{"@context":"https:\/\/schema.org","@graph":[{"@type":"WebPage","@id":"https:\/\/javiprincep.com\/ca\/monologuista\/","url":"https:\/\/javiprincep.com\/ca\/monologuista\/","name":"Monologuista - Javi Princep","isPartOf":{"@id":"https:\/\/javiprincep.com\/#website"},"primaryImageOfPage":{"@id":"https:\/\/javiprincep.com\/ca\/monologuista\/#primaryimage"},"image":{"@id":"https:\/\/javiprincep.com\/ca\/monologuista\/#primaryimage"},"thumbnailUrl":"https:\/\/javiprincep.com\/wp-content\/uploads\/2023\/07\/MONOLOGUISTA-1024x198.png","datePublished":"2023-07-26T10:54:55+00:00","dateModified":"2023-11-02T09:47:06+00:00","breadcrumb":{"@id":"https:\/\/javiprincep.com\/ca\/monologuista\/#breadcrumb"},"inLanguage":"ca","potentialAction":[{"@type":"ReadAction","target":["https:\/\/javiprincep.com\/ca\/monologuista\/"]}]},{"@type":"ImageObject","inLanguage":"ca","@id":"https:\/\/javiprincep.com\/ca\/monologuista\/#primaryimage","url":"https:\/\/javiprincep.com\/wp-content\/uploads\/2023\/07\/MONOLOGUISTA-1024x198.png","contentUrl":"https:\/\/javiprincep.com\/wp-content\/uploads\/2023\/07\/MONOLOGUISTA-1024x198.png"},{"@type":"BreadcrumbList","@id":"https:\/\/javiprincep.com\/ca\/monologuista\/#breadcrumb","itemListElement":[{"@type":"ListItem","position":1,"name":"Home","item":"https:\/\/javiprincep.com\/ca\/home\/"},{"@type":"ListItem","position":2,"name":"Monologuista"}]},{"@type":"WebSite","@id":"https:\/\/javiprincep.com\/#website","url":"https:\/\/javiprincep.com\/","name":"Javi Princep","description":"Actor, presentador y locutor","publisher":{"@id":"https:\/\/javiprincep.com\/#organization"},"potentialAction":[{"@type":"SearchAction","target":{"@type":"EntryPoint","urlTemplate":"https:\/\/javiprincep.com\/?s={search_term_string}"},"query-input":"required name=search_term_string"}],"inLanguage":"ca"},{"@type":"Organization","@id":"https:\/\/javiprincep.com\/#organization","name":"Javi Princep","url":"https:\/\/javiprincep.com\/","logo":{"@type":"ImageObject","inLanguage":"ca","@id":"https:\/\/javiprincep.com\/#\/schema\/logo\/image\/","url":"https:\/\/javiprincep.com\/wp-content\/uploads\/2023\/06\/Group-3.svg","contentUrl":"https:\/\/javiprincep.com\/wp-content\/uploads\/2023\/06\/Group-3.svg","width":553,"height":63,"caption":"Javi Princep"},"image":{"@id":"https:\/\/javiprincep.com\/#\/schema\/logo\/image\/"}}]}},"_links":{"self":[{"href":"https:\/\/javiprincep.com\/ca\/wp-json\/wp\/v2\/pages\/1481"}],"collection":[{"href":"https:\/\/javiprincep.com\/ca\/wp-json\/wp\/v2\/pages"}],"about":[{"href":"https:\/\/javiprincep.com\/ca\/wp-json\/wp\/v2\/types\/page"}],"author":[{"embeddable":true,"href":"https:\/\/javiprincep.com\/ca\/wp-json\/wp\/v2\/users\/1"}],"replies":[{"embeddable":true,"href":"https:\/\/javiprincep.com\/ca\/wp-json\/wp\/v2\/comments?post=1481"}],"version-history":[{"count":3,"href":"https:\/\/javiprincep.com\/ca\/wp-json\/wp\/v2\/pages\/1481\/revisions"}],"predecessor-version":[{"id":1484,"href":"https:\/\/javiprincep.com\/ca\/wp-json\/wp\/v2\/pages\/1481\/revisions\/1484"}],"wp:attachment":[{"href":"https:\/\/javiprincep.com\/ca\/wp-json\/wp\/v2\/media?parent=1481"}],"curies":[{"name":"wp","href":"https:\/\/api.w.org\/{rel}","templated":true}]}}