{"id":1490,"date":"2023-07-26T11:15:22","date_gmt":"2023-07-26T10:15:22","guid":{"rendered":"https:\/\/javiprincep.com\/politica-de-privacitat\/"},"modified":"2023-11-02T09:55:15","modified_gmt":"2023-11-02T09:55:15","slug":"politica-de-privacitat","status":"publish","type":"page","link":"https:\/\/javiprincep.com\/ca\/politica-de-privacitat\/","title":{"rendered":"Pol\u00edtica de privacitat"},"content":{"rendered":"\n<h2 class=\"wp-block-heading\" id=\"h-quienes-somos\">Qui som<\/h2>\n\n<p>La direcci\u00f3 del nostre lloc web \u00e9s: http:\/\/javiprincep.com.<\/p>\n\n<h2 class=\"wp-block-heading\" id=\"h-comentarios\">Comentaris<\/h2>\n\n<p>Quan els visitants deixen comentaris en el lloc, recopilem les dades que es mostren en el formulari de comentaris, i tamb\u00e9 l&#8217;adre\u00e7a IP del visitant i la cadena de l&#8217;agent d&#8217;usuari del navegador per a ajudar a la detecci\u00f3 de spam.<\/p>\n\n<p>Es pot proporcionar una cadena an\u00f2nima creada a partir de la seva adre\u00e7a de correu electr\u00f2nic (tamb\u00e9 dita hash) al servei Gravatar per a veure si l&#8217;est\u00e0 utilitzant. La Pol\u00edtica de privacitat del servei Gravatar est\u00e0 disponible aqu\u00ed: https:\/\/automattic.com\/privacy\/. Despr\u00e9s de l&#8217;aprovaci\u00f3 del seu comentari, la seva foto de perfil \u00e9s visible per al p\u00fablic en el context del seu comentari<\/p>\n\n<h2 class=\"wp-block-heading\" id=\"h-medios-de-comunicacion\">Mitjans de comunicaci\u00f3<\/h2>\n\n<p>Si puges imatges al lloc web, has d&#8217;evitar pujar imatges amb dades d&#8217;ubicaci\u00f3 incrustats (GPS EXIF) inclosos. Els visitants del lloc web poden descarregar i extreure qualsevol dada d&#8217;ubicaci\u00f3 de les imatges del lloc web.<\/p>\n\n<h2 class=\"wp-block-heading\" id=\"h-cookies\">Cookies<\/h2>\n\n<p>Si deixa un comentari en el nostre lloc, pot optar per guardar el seu nom, adre\u00e7a de correu electr\u00f2nic i lloc web en cookies. Aquests s\u00f3n per a la seva comoditat, perqu\u00e8 no hagi de tornar a emplenar les seves dades quan deixi un altre comentari. Aquestes cookies tindran una durada d&#8217;un any.<\/p>\n\n<p>Si visita la nostra p\u00e0gina d&#8217;inici de sessi\u00f3, establirem una cookie temporal per a determinar si el seu navegador accepta cookies. Aquesta cookie no cont\u00e9 dades personals i es descarta quan tanca el seu navegador.<\/p>\n\n<p>Quan inici\u00ef sessi\u00f3, tamb\u00e9 configurarem diverses cookies per a guardar la seva informaci\u00f3 d&#8217;inici de sessi\u00f3 i les seves opcions de visualitzaci\u00f3 de pantalla. Les cookies d&#8217;inici de sessi\u00f3 duren dos dies i les cookies d&#8217;opcions de pantalla duren un any. Si selecciona &#8220;Recordar&#8217;m&#8221;, el seu inici de sessi\u00f3 persistir\u00e0 durant dues setmanes. Si tanca sessi\u00f3 en el seu compte, s&#8217;eliminaran les cookies d&#8217;inici de sessi\u00f3.<\/p>\n\n<p>Si edita o publica un article, es guardar\u00e0 una cookie addicional en el seu navegador. Aquesta cookie no inclou dades personals i simplement indica l&#8217;ANEU de publicaci\u00f3 de l&#8217;article que acaba d&#8217;editar. Caduca despr\u00e9s d&#8217;1 dia.<\/p>\n\n<h2 class=\"wp-block-heading\" id=\"h-contenido-incrustado-de-otros-sitios-web\">Contingut incrustat d&#8217;altres llocs web<\/h2>\n\n<p>Els articles d&#8217;aquest lloc poden incloure contingut incrustat (per exemple, v\u00eddeos, imatges, articles, etc.). El contingut incrustat d&#8217;altres llocs web es comporta exactament de la mateixa manera que si el visitant hagu\u00e9s visitat l&#8217;altre lloc web.<\/p>\n\n<p>Aquests llocs web poden recopilar dades sobre vost\u00e8, usar cookies, incrustar un seguiment addicional de tercers i monitorar la seva interacci\u00f3 amb aquest contingut incrustat, incl\u00f2s el seguiment de la seva interacci\u00f3 amb el contingut incrustat si t\u00e9 un compte i ha iniciat sessi\u00f3 en aquest lloc web.<\/p>\n\n<h2 class=\"wp-block-heading\" id=\"h-con-quien-compartimos-sus-datos\">Amb qui compartim les seves dades<\/h2>\n\n<p>Si sol\u00b7licita un restabliment de contrasenya, la seva adre\u00e7a IP s&#8217;inclour\u00e0 en el correu electr\u00f2nic de restabliment.<\/p>\n\n<h2 class=\"wp-block-heading\" id=\"h-cuanto-tiempo-conservamos-sus-datos\">Quant temps conservem les seves dades<\/h2>\n\n<p>Si deixa un comentari, el comentari i les seves metadades es conserven indefinidament. Aix\u00f2 \u00e9s perqu\u00e8 puguem recon\u00e8ixer i aprovar qualsevol comentari de seguiment autom\u00e0ticament en lloc de mantenir-los en una cua de moderaci\u00f3.<\/p>\n\n<p>Per als usuaris que es registren en el nostre lloc web (si n&#8217;hi ha), tamb\u00e9 emmagatzemem la informaci\u00f3 personal que proporcionen en el seu perfil d&#8217;usuari. Tots els usuaris poden veure, editar o eliminar la seva informaci\u00f3 personal en qualsevol moment (excepte que no poden canviar el seu nom d&#8217;usuari). Els administradors del lloc web tamb\u00e9 poden veure i editar aquesta informaci\u00f3.<\/p>\n\n<h2 class=\"wp-block-heading\" id=\"h-que-derechos-tienes-sobre-tus-datos\">Quins drets tens sobre les teves dades<\/h2>\n\n<p>Si t\u00e9 un compte en aquest lloc o ha deixat comentaris, pot sol\u00b7licitar rebre un arxiu exportat de les dades personals que tenim sobre vost\u00e8, inclosos les dades que ens hagi proporcionat. Tamb\u00e9 pot sol\u00b7licitar que eliminem qualsevol dada personal que tinguem sobre vost\u00e8. Aix\u00f2 no inclou cap dada que estiguem obligats a conservar amb finalitats administratius, legals o de seguretat.<\/p>\n\n<h2 class=\"wp-block-heading\" id=\"h-donde-se-envian-sus-datos\">On s&#8217;envien les seves dades<\/h2>\n\n<p><\/p>\n\n<p>Els comentaris dels visitants pot ser que els revisi un servei de detecci\u00f3 autom\u00e0tica de spam.<\/p>\n","protected":false},"excerpt":{"rendered":"<p>Qui som La direcci\u00f3 del nostre lloc web \u00e9s: http:\/\/javiprincep.com. Comentaris Quan els visitants deixen comentaris en el lloc, recopilem les dades que es mostren en el formulari de comentaris, i tamb\u00e9 l&#8217;adre\u00e7a IP del visitant i la cadena de l&#8217;agent d&#8217;usuari del navegador per a ajudar a la detecci\u00f3 de spam. Es pot proporcionar [&hellip;]<\/p>\n","protected":false},"author":1,"featured_media":0,"parent":0,"menu_order":0,"comment_status":"closed","ping_status":"closed","template":"","meta":{"footnotes":""},"yoast_head":"<!-- This site is optimized with the Yoast SEO Premium plugin v20.8 (Yoast SEO v22.6) - https:\/\/yoast.com\/wordpress\/plugins\/seo\/ -->\n<title>Pol\u00edtica de privacitat - Javi Princep<\/title>\n<meta name=\"robots\" content=\"index, follow, max-snippet:-1, max-image-preview:large, max-video-preview:-1\" \/>\n<link rel=\"canonical\" href=\"https:\/\/javiprincep.com\/ca\/politica-de-privacitat\/\" \/>\n<meta property=\"og:locale\" content=\"ca_ES\" \/>\n<meta property=\"og:type\" content=\"article\" \/>\n<meta property=\"og:title\" content=\"Pol\u00edtica de privacitat\" \/>\n<meta property=\"og:description\" content=\"Qui som La direcci\u00f3 del nostre lloc web \u00e9s: http:\/\/javiprincep.com. Comentaris Quan els visitants deixen comentaris en el lloc, recopilem les dades que es mostren en el formulari de comentaris, i tamb\u00e9 l&#8217;adre\u00e7a IP del visitant i la cadena de l&#8217;agent d&#8217;usuari del navegador per a ajudar a la detecci\u00f3 de spam. Es pot proporcionar [&hellip;]\" \/>\n<meta property=\"og:url\" content=\"https:\/\/javiprincep.com\/ca\/politica-de-privacitat\/\" \/>\n<meta property=\"og:site_name\" content=\"Javi Princep\" \/>\n<meta property=\"article:modified_time\" content=\"2023-11-02T09:55:15+00:00\" \/>\n<meta name=\"twitter:card\" content=\"summary_large_image\" \/>\n<meta name=\"twitter:label1\" content=\"Temps estimat de lectura\" \/>\n\t<meta name=\"twitter:data1\" content=\"3 minuts\" \/>\n<script type=\"application\/ld+json\" class=\"yoast-schema-graph\">{\"@context\":\"https:\/\/schema.org\",\"@graph\":[{\"@type\":\"WebPage\",\"@id\":\"https:\/\/javiprincep.com\/ca\/politica-de-privacitat\/\",\"url\":\"https:\/\/javiprincep.com\/ca\/politica-de-privacitat\/\",\"name\":\"Pol\u00edtica de privacitat - Javi Princep\",\"isPartOf\":{\"@id\":\"https:\/\/javiprincep.com\/#website\"},\"datePublished\":\"2023-07-26T10:15:22+00:00\",\"dateModified\":\"2023-11-02T09:55:15+00:00\",\"breadcrumb\":{\"@id\":\"https:\/\/javiprincep.com\/ca\/politica-de-privacitat\/#breadcrumb\"},\"inLanguage\":\"ca\",\"potentialAction\":[{\"@type\":\"ReadAction\",\"target\":[\"https:\/\/javiprincep.com\/ca\/politica-de-privacitat\/\"]}]},{\"@type\":\"BreadcrumbList\",\"@id\":\"https:\/\/javiprincep.com\/ca\/politica-de-privacitat\/#breadcrumb\",\"itemListElement\":[{\"@type\":\"ListItem\",\"position\":1,\"name\":\"Home\",\"item\":\"https:\/\/javiprincep.com\/ca\/home\/\"},{\"@type\":\"ListItem\",\"position\":2,\"name\":\"Pol\u00edtica de privacitat\"}]},{\"@type\":\"WebSite\",\"@id\":\"https:\/\/javiprincep.com\/#website\",\"url\":\"https:\/\/javiprincep.com\/\",\"name\":\"Javi Princep\",\"description\":\"Actor, presentador y locutor\",\"publisher\":{\"@id\":\"https:\/\/javiprincep.com\/#organization\"},\"potentialAction\":[{\"@type\":\"SearchAction\",\"target\":{\"@type\":\"EntryPoint\",\"urlTemplate\":\"https:\/\/javiprincep.com\/?s={search_term_string}\"},\"query-input\":\"required name=search_term_string\"}],\"inLanguage\":\"ca\"},{\"@type\":\"Organization\",\"@id\":\"https:\/\/javiprincep.com\/#organization\",\"name\":\"Javi Princep\",\"url\":\"https:\/\/javiprincep.com\/\",\"logo\":{\"@type\":\"ImageObject\",\"inLanguage\":\"ca\",\"@id\":\"https:\/\/javiprincep.com\/#\/schema\/logo\/image\/\",\"url\":\"https:\/\/javiprincep.com\/wp-content\/uploads\/2023\/06\/Group-3.svg\",\"contentUrl\":\"https:\/\/javiprincep.com\/wp-content\/uploads\/2023\/06\/Group-3.svg\",\"width\":553,\"height\":63,\"caption\":\"Javi Princep\"},\"image\":{\"@id\":\"https:\/\/javiprincep.com\/#\/schema\/logo\/image\/\"}}]}<\/script>\n<!-- \/ Yoast SEO Premium plugin. -->","yoast_head_json":{"title":"Pol\u00edtica de privacitat - Javi Princep","robots":{"index":"index","follow":"follow","max-snippet":"max-snippet:-1","max-image-preview":"max-image-preview:large","max-video-preview":"max-video-preview:-1"},"canonical":"https:\/\/javiprincep.com\/ca\/politica-de-privacitat\/","og_locale":"ca_ES","og_type":"article","og_title":"Pol\u00edtica de privacitat","og_description":"Qui som La direcci\u00f3 del nostre lloc web \u00e9s: http:\/\/javiprincep.com. Comentaris Quan els visitants deixen comentaris en el lloc, recopilem les dades que es mostren en el formulari de comentaris, i tamb\u00e9 l&#8217;adre\u00e7a IP del visitant i la cadena de l&#8217;agent d&#8217;usuari del navegador per a ajudar a la detecci\u00f3 de spam. Es pot proporcionar [&hellip;]","og_url":"https:\/\/javiprincep.com\/ca\/politica-de-privacitat\/","og_site_name":"Javi Princep","article_modified_time":"2023-11-02T09:55:15+00:00","twitter_card":"summary_large_image","twitter_misc":{"Temps estimat de lectura":"3 minuts"},"schema":{"@context":"https:\/\/schema.org","@graph":[{"@type":"WebPage","@id":"https:\/\/javiprincep.com\/ca\/politica-de-privacitat\/","url":"https:\/\/javiprincep.com\/ca\/politica-de-privacitat\/","name":"Pol\u00edtica de privacitat - Javi Princep","isPartOf":{"@id":"https:\/\/javiprincep.com\/#website"},"datePublished":"2023-07-26T10:15:22+00:00","dateModified":"2023-11-02T09:55:15+00:00","breadcrumb":{"@id":"https:\/\/javiprincep.com\/ca\/politica-de-privacitat\/#breadcrumb"},"inLanguage":"ca","potentialAction":[{"@type":"ReadAction","target":["https:\/\/javiprincep.com\/ca\/politica-de-privacitat\/"]}]},{"@type":"BreadcrumbList","@id":"https:\/\/javiprincep.com\/ca\/politica-de-privacitat\/#breadcrumb","itemListElement":[{"@type":"ListItem","position":1,"name":"Home","item":"https:\/\/javiprincep.com\/ca\/home\/"},{"@type":"ListItem","position":2,"name":"Pol\u00edtica de privacitat"}]},{"@type":"WebSite","@id":"https:\/\/javiprincep.com\/#website","url":"https:\/\/javiprincep.com\/","name":"Javi Princep","description":"Actor, presentador y locutor","publisher":{"@id":"https:\/\/javiprincep.com\/#organization"},"potentialAction":[{"@type":"SearchAction","target":{"@type":"EntryPoint","urlTemplate":"https:\/\/javiprincep.com\/?s={search_term_string}"},"query-input":"required name=search_term_string"}],"inLanguage":"ca"},{"@type":"Organization","@id":"https:\/\/javiprincep.com\/#organization","name":"Javi Princep","url":"https:\/\/javiprincep.com\/","logo":{"@type":"ImageObject","inLanguage":"ca","@id":"https:\/\/javiprincep.com\/#\/schema\/logo\/image\/","url":"https:\/\/javiprincep.com\/wp-content\/uploads\/2023\/06\/Group-3.svg","contentUrl":"https:\/\/javiprincep.com\/wp-content\/uploads\/2023\/06\/Group-3.svg","width":553,"height":63,"caption":"Javi Princep"},"image":{"@id":"https:\/\/javiprincep.com\/#\/schema\/logo\/image\/"}}]}},"_links":{"self":[{"href":"https:\/\/javiprincep.com\/ca\/wp-json\/wp\/v2\/pages\/1490"}],"collection":[{"href":"https:\/\/javiprincep.com\/ca\/wp-json\/wp\/v2\/pages"}],"about":[{"href":"https:\/\/javiprincep.com\/ca\/wp-json\/wp\/v2\/types\/page"}],"author":[{"embeddable":true,"href":"https:\/\/javiprincep.com\/ca\/wp-json\/wp\/v2\/users\/1"}],"replies":[{"embeddable":true,"href":"https:\/\/javiprincep.com\/ca\/wp-json\/wp\/v2\/comments?post=1490"}],"version-history":[{"count":1,"href":"https:\/\/javiprincep.com\/ca\/wp-json\/wp\/v2\/pages\/1490\/revisions"}],"predecessor-version":[{"id":1491,"href":"https:\/\/javiprincep.com\/ca\/wp-json\/wp\/v2\/pages\/1490\/revisions\/1491"}],"wp:attachment":[{"href":"https:\/\/javiprincep.com\/ca\/wp-json\/wp\/v2\/media?parent=1490"}],"curies":[{"name":"wp","href":"https:\/\/api.w.org\/{rel}","templated":true}]}}